{"id":57,"date":"2026-02-25T19:19:42","date_gmt":"2026-02-25T19:19:42","guid":{"rendered":"https:\/\/lpoeiras.pt\/?page_id=57"},"modified":"2026-05-10T01:44:20","modified_gmt":"2026-05-10T01:44:20","slug":"bio","status":"publish","type":"page","link":"https:\/\/lpoeiras.pt\/en\/bio\/","title":{"rendered":"bio"},"content":{"rendered":"<div class=\"wp-block-group alignwide is-horizontal is-content-justification-center is-nowrap is-layout-flex wp-container-core-group-is-layout-c6c84fd0 wp-block-group-is-layout-flex\" style=\"margin-top:0;margin-bottom:0;padding-top:0;padding-bottom:0\">\n<div class=\"wp-block-group alignwide is-content-justification-center is-layout-constrained wp-container-core-group-is-layout-986cd963 wp-block-group-is-layout-constrained\">\n<div class=\"wp-block-columns alignwide are-vertically-aligned-bottom has-custom-color-1-background-color has-background wp-container-content-c9763a5f is-layout-flex wp-container-core-columns-is-layout-3173f22b wp-block-columns-is-layout-flex\" style=\"border-style:none;border-width:0px;margin-top:0;margin-bottom:0;padding-top:var(--wp--preset--spacing--60);padding-right:0;padding-bottom:var(--wp--preset--spacing--60);padding-left:0;font-size:17px\">\n<div class=\"wp-block-column is-vertically-aligned-bottom is-layout-flow wp-container-core-column-is-layout-f5bb311e wp-block-column-is-layout-flow\" style=\"flex-basis:50%\">\n<figure class=\"wp-block-image alignleft size-large has-custom-border is-style-rounded\" style=\"margin-top:var(--wp--preset--spacing--40);margin-right:var(--wp--preset--spacing--50);margin-bottom:var(--wp--preset--spacing--40);margin-left:var(--wp--preset--spacing--50)\"><img loading=\"lazy\" decoding=\"async\" width=\"583\" height=\"1024\" src=\"https:\/\/lpoeiras.pt\/wp-content\/uploads\/2026\/02\/B8132810-1D49-4BAA-B9B9-08A0E3B22074-e1773444220800-583x1024.jpeg\" alt=\"\" class=\"wp-image-72\" style=\"border-top-left-radius:29px;border-top-right-radius:29px;border-bottom-left-radius:29px;border-bottom-right-radius:29px;aspect-ratio:3\/4;object-fit:cover\" srcset=\"https:\/\/lpoeiras.pt\/wp-content\/uploads\/2026\/02\/B8132810-1D49-4BAA-B9B9-08A0E3B22074-e1773444220800-583x1024.jpeg 583w, https:\/\/lpoeiras.pt\/wp-content\/uploads\/2026\/02\/B8132810-1D49-4BAA-B9B9-08A0E3B22074-e1773444220800-171x300.jpeg 171w, https:\/\/lpoeiras.pt\/wp-content\/uploads\/2026\/02\/B8132810-1D49-4BAA-B9B9-08A0E3B22074-e1773444220800-768x1349.jpeg 768w, https:\/\/lpoeiras.pt\/wp-content\/uploads\/2026\/02\/B8132810-1D49-4BAA-B9B9-08A0E3B22074-e1773444220800-7x12.jpeg 7w, https:\/\/lpoeiras.pt\/wp-content\/uploads\/2026\/02\/B8132810-1D49-4BAA-B9B9-08A0E3B22074-e1773444220800.jpeg 820w\" sizes=\"auto, (max-width: 583px) 100vw, 583px\" \/><\/figure>\n<\/div>\n\n\n\n<div class=\"wp-block-column is-vertically-aligned-bottom is-layout-flow wp-block-column-is-layout-flow\" style=\"padding-right:0;padding-left:0;flex-basis:60%\">\n<div class=\"wp-block-group is-vertical is-layout-flex wp-container-core-group-is-layout-4191ebd6 wp-block-group-is-layout-flex\" style=\"min-height:0px;margin-top:0;margin-bottom:0;padding-right:0;padding-left:0\">\n<h1 class=\"wp-block-heading alignwide has-text-align-left has-system-font-font-family has-large-font-size\" style=\"margin-right:var(--wp--preset--spacing--20);margin-left:var(--wp--preset--spacing--20)\">Leonor Poeiras<\/h1>\n\n\n\n<div class=\"wp-block-group is-layout-constrained wp-block-group-is-layout-constrained\">\n<p class=\"has-small-font-size\" style=\"border-style:none;border-width:0px;padding-top:0;padding-right:var(--wp--preset--spacing--20);padding-bottom:0;padding-left:var(--wp--preset--spacing--20)\">Lisbon, Portugal | 1980<\/p>\n\n\n\n<div class=\"wp-block-group is-layout-constrained wp-container-core-group-is-layout-4fbfba58 wp-block-group-is-layout-constrained\" style=\"padding-top:var(--wp--preset--spacing--20);padding-right:var(--wp--preset--spacing--20);padding-bottom:var(--wp--preset--spacing--20);padding-left:var(--wp--preset--spacing--20);font-size:0px\">\n<p style=\"margin-right:0;margin-left:0;font-size:16px\">Alongside her media career, Leonor Poeiras graduated in Painting from Ar.Co \u2013 Centro de Arte e Comunica\u00e7\u00e3o Visual, in Lisbon. She began the course in the 2009\/10 academic year and, after a long interruption, returned to complete it between 2017 and 2019.<\/p>\n\n\n\n<p class=\"has-text-align-left\" style=\"margin-right:0;margin-left:0;font-size:16px\">Leonor Poeiras began her daily artistic practice in 2020, at the age of 40, closing a two-decade chapter in the Portuguese media.<\/p>\n\n\n\n<p style=\"margin-right:0;margin-left:0;font-size:16px\">In her creative process, she feels driven to imprint the noise and materiality of the real world, intervening on smooth surfaces in a personal reflection on what is natural and what is constructed.<\/p>\n\n\n\n<p style=\"margin-right:0;margin-left:0;font-size:16px\">Patches of strong color initially camouflage the gesture, which gradually reveals itself through physical proximity.<\/p>\n\n\n\n<p style=\"margin-right:0;margin-left:0;font-size:16px\" class=\" translation-block\">She is currently a student in the online course Tangible Things: Discovering History Through Artworks, Artifacts, Scientific Specimens, and the Stuff Around You, offered by Harvard University.<\/p>\n\n\n\n<p style=\"border-style:none;border-width:0px;margin-right:0;margin-left:0;font-size:16px\">Em Abril de 2026 apresentou a sua primeira exposi\u00e7\u00e3o individual, em Lisboa, <a href=\"https:\/\/numasala.pt\/pt\/sobre\/\" target=\"_blank\" rel=\"noreferrer noopener\">Numa Sala<\/a>.<\/p>\n\n\n\n<p style=\"margin-right:0;margin-left:0;font-size:16px\"><\/p>\n<\/div>\n<\/div>\n<\/div>\n<\/div>\n<\/div>\n<\/div>\n<\/div>\n\n\n\n<div class=\"wp-block-group alignwide has-large-font-size is-vertical is-content-justification-center is-layout-flex wp-container-core-group-is-layout-32b89a34 wp-block-group-is-layout-flex\" style=\"margin-top:var(--wp--preset--spacing--20);margin-bottom:var(--wp--preset--spacing--20);padding-right:0;padding-left:0\">\n<div class=\"wp-block-group is-layout-constrained wp-container-core-group-is-layout-a735f9ca wp-block-group-is-layout-constrained\" style=\"padding-right:var(--wp--preset--spacing--20);padding-left:var(--wp--preset--spacing--20)\">\n<div class=\"wp-block-group is-layout-constrained wp-block-group-is-layout-constrained\">\n<div class=\"wp-block-group is-layout-constrained wp-block-group-is-layout-constrained\">\n<div class=\"wp-block-group is-layout-constrained wp-block-group-is-layout-constrained\">\n<div class=\"wp-block-columns is-layout-flex wp-container-core-columns-is-layout-1ec2ec05 wp-block-columns-is-layout-flex\" style=\"margin-top:0;margin-bottom:0;padding-top:0;padding-right:0;padding-bottom:0;padding-left:0\">\n<div class=\"wp-block-column is-layout-flow wp-block-column-is-layout-flow\" style=\"flex-basis:100%\"><\/div>\n<\/div>\n<\/div>\n<\/div>\n\n\n\n<p style=\"font-size:22px\">PREVIOUS PROFESSIONAL EXPERIENCE<\/p>\n\n\n\n<p style=\"font-size:16px\">2025 \u2013 2020: Journalist and communication consultant, freelance <br>2020 \u2013 2003: Journalist and TV presenter, Televis\u00e3o Independente S.A.<\/p>\n<\/div>\n\n\n\n<div class=\"wp-block-group is-vertical is-layout-flex wp-container-core-group-is-layout-fe9cc265 wp-block-group-is-layout-flex\">\n<p style=\"font-size:22px\">PROJECTS<\/p>\n\n\n\n<div class=\"wp-block-group is-layout-constrained wp-block-group-is-layout-constrained\">\n<p style=\"margin-top:0;margin-bottom:0;padding-top:0;padding-bottom:0;font-size:16px\">2025\/24: VoxPop Os Outros Somos N\u00f3s, Social Media<\/p>\n\n\n\n<p style=\"margin-top:0;margin-bottom:0;padding-top:0;padding-bottom:0;font-size:16px\">2023: Conception of the Postgraduate Program in Communication for Entertainment, for the Catholic University of Portugal<\/p>\n\n\n\n<p style=\"margin-top:0;margin-bottom:0;padding-top:0;padding-bottom:0;font-size:16px\">2021\/20: Podcast Levantar Poeira, Spotify<\/p>\n\n\n\n<p style=\"margin-top:0;margin-bottom:0;padding-top:0;padding-bottom:0;font-size:16px\">2021\/19: Guest Teacher, Etic<\/p>\n\n\n\n<p style=\"margin-top:0;margin-bottom:0;padding-top:0;padding-bottom:0;font-size:16px\">2017: Guest Editor, Cais Magazine, September issue<\/p>\n\n\n\n<p style=\"margin-top:0;margin-bottom:0;padding-top:0;padding-bottom:0;font-size:16px\">2017\/2016: Columnist, M\u00e1xima magazine<\/p>\n\n\n\n<p style=\"margin-top:0;margin-bottom:0;padding-top:0;padding-bottom:0;font-size:16px\">2015: Book Oficina Poeiras \/ Casa das Letras (Leya)<\/p>\n\n\n\n<p style=\"margin-top:0;margin-bottom:0;padding-top:0;padding-bottom:0;font-size:16px\">2014: Blog Oficina Poeiras<\/p>\n\n\n\n<p style=\"margin-top:0;margin-bottom:0;padding-top:0;padding-bottom:0;font-size:16px\">2013: Department of Communication, ExperimentaDesign Biennial<\/p>\n<\/div>\n<\/div>\n\n\n\n<div class=\"wp-block-group is-vertical is-layout-flex wp-container-core-group-is-layout-67710c2e wp-block-group-is-layout-flex\" style=\"margin-top:0;margin-bottom:0;padding-top:0;padding-bottom:0\">\n<div class=\"wp-block-group is-layout-constrained wp-container-core-group-is-layout-228c4f6c wp-block-group-is-layout-constrained\" style=\"padding-top:var(--wp--preset--spacing--40);padding-right:0;padding-bottom:var(--wp--preset--spacing--40);padding-left:0\">\n<p style=\"margin-top:0;margin-bottom:0;padding-top:0;padding-bottom:0;font-size:16px\">Since 2018: WWF Ambassador, World Wide Fund for Nature <\/p>\n\n\n\n<p style=\"margin-top:0;margin-bottom:0;padding-top:0;padding-bottom:0;font-size:16px\">Volunteering in Portugal, Germany, Cape Verde and Brazil: Supporting the personal and collective development of the community, Visual arts workshops with children, Renovations of community spaces.<\/p>\n<\/div>\n\n\n\n<p style=\"font-size:22px\">EDUCATION<\/p>\n\n\n\n<p style=\"border-style:none;border-width:0px;font-size:0.6rem\"><\/p>\n\n\n\n<p style=\"font-size:16px\" class=\" translation-block\">Tangible Things Course, Harvard University online, 2026 (ongoing)<\/p>\n\n\n\n<p style=\"font-size:16px;font-style:normal;font-weight:200\">Layering and Overlapping Techniques Course, Joy Kinna, 2022<\/p>\n\n\n\n<p style=\"font-size:16px\">Complete Painting Course, Ar.Co, 2019<\/p>\n\n\n\n<p style=\"font-size:16px\">Licenciatura Comunica\u00e7\u00e3o Social e Cultural, Universidade Cat\u00f3lica Portuguesa, 2003<br>Professional Journalism Course, Protocol Training Centre for Journalists, 2003\u20132004<\/p>\n\n\n\n<p style=\"font-size:16px\">Intensive Italian Course <em>Universit\u00e0 per Stranieri di Siena<\/em>Italy, Summer 2002<\/p>\n\n\n\n<p style=\"font-size:16px\"><\/p>\n\n\n\n<p style=\"font-size:16px\">Languages: Portuguese, English, Spanish \u2013 fluent | Italian \u2013 intermediate<\/p>\n\n\n\n<p style=\"font-size:16px\"><\/p>\n<\/div>\n<\/div>\n<\/div>","protected":false},"excerpt":{"rendered":"<p>Leonor Poeiras Lisboa, Portugal | 1980 Em paralelo com a sua carreira nos media, Leonor Poeiras formou-se em Pintura no Ar.Co &#8211; Centro de Arte e Comunica\u00e7\u00e3o Visual, em Lisboa. Iniciou o curso no ano lectivo 2009\/10 e, ap\u00f3s uma longa interrup\u00e7\u00e3o, regressou para o concluir entre 2017 e 2019. A sua pr\u00e1tica art\u00edstica di\u00e1ria [&hellip;]<\/p>\n","protected":false},"author":1,"featured_media":0,"parent":0,"menu_order":0,"comment_status":"closed","ping_status":"closed","template":"page-no-separators","meta":{"footnotes":""},"class_list":["post-57","page","type-page","status-publish","hentry"],"_links":{"self":[{"href":"https:\/\/lpoeiras.pt\/en\/wp-json\/wp\/v2\/pages\/57","targetHints":{"allow":["GET"]}}],"collection":[{"href":"https:\/\/lpoeiras.pt\/en\/wp-json\/wp\/v2\/pages"}],"about":[{"href":"https:\/\/lpoeiras.pt\/en\/wp-json\/wp\/v2\/types\/page"}],"author":[{"embeddable":true,"href":"https:\/\/lpoeiras.pt\/en\/wp-json\/wp\/v2\/users\/1"}],"replies":[{"embeddable":true,"href":"https:\/\/lpoeiras.pt\/en\/wp-json\/wp\/v2\/comments?post=57"}],"version-history":[{"count":151,"href":"https:\/\/lpoeiras.pt\/en\/wp-json\/wp\/v2\/pages\/57\/revisions"}],"predecessor-version":[{"id":1186,"href":"https:\/\/lpoeiras.pt\/en\/wp-json\/wp\/v2\/pages\/57\/revisions\/1186"}],"wp:attachment":[{"href":"https:\/\/lpoeiras.pt\/en\/wp-json\/wp\/v2\/media?parent=57"}],"curies":[{"name":"wp","href":"https:\/\/api.w.org\/{rel}","templated":true}]}}